{"id":555,"date":"2021-01-07T17:34:23","date_gmt":"2021-01-07T17:34:23","guid":{"rendered":"https:\/\/bowlingfreunde-bonn.de\/?page_id=555"},"modified":"2021-02-04T07:59:51","modified_gmt":"2021-02-04T07:59:51","slug":"warum-verein","status":"publish","type":"page","link":"https:\/\/bowlingfreunde-bonn.de\/?page_id=555","title":{"rendered":"Warum Verein"},"content":{"rendered":"\t\t<div data-elementor-type=\"wp-page\" data-elementor-id=\"555\" class=\"elementor elementor-555\">\n\t\t\t\t\t\t<section class=\"elementor-section elementor-top-section elementor-element elementor-element-c1b80a4 elementor-section-boxed elementor-section-height-default elementor-section-height-default\" data-id=\"c1b80a4\" data-element_type=\"section\">\n\t\t\t\t\t\t<div class=\"elementor-container elementor-column-gap-default\">\n\t\t\t\t\t<div class=\"elementor-column elementor-col-100 elementor-top-column elementor-element elementor-element-c4e0939\" data-id=\"c4e0939\" data-element_type=\"column\">\n\t\t\t<div class=\"elementor-widget-wrap elementor-element-populated\">\n\t\t\t\t\t\t<div class=\"elementor-element elementor-element-6080821 elementor-widget elementor-widget-text-editor\" data-id=\"6080821\" data-element_type=\"widget\" data-widget_type=\"text-editor.default\">\n\t\t\t\t<div class=\"elementor-widget-container\">\n\t\t\t\t\t\t\t<h1 style=\"text-align: center;\"><span style=\"color: #000000;\"><strong>Warum eigentlich Bowling im Verein?<\/strong><\/span><\/h1><h5>Ist Bowling ein Sport? Hier kann man nur mit &#8222;ja&#8220; antworten. Wer schon mal Bowling gespielt hat, wei\u00df um die Anstrengung die dahinter steckt. Ausdauer und Konzentration sind genauso gefragt wie Konstanz und hier und da nat\u00fcrlich auch ein wenig Show.<\/h5><h5>Jeder der schon Bowling gespielt hat, kennt es. Man hat Schwierigkeiten die 100 Pin Marke zu \u00fcberschreiten, freut sich \u00fcber ein Ergebnis mit 130 Pins und nebenan spielt jemand locker 160 oder mehr. Jetzt hei\u00dft es \u00fcben. Aber so richtig besser werden Sie doch nicht und Sie haben das Gef\u00fchl immer noch vieles falsch zu machen. Was nun? Hier ist der Zeitpunkt gekommen \u00fcber einen Verein nachzudenken. Aber welche Vorteile habe ich in einem Verein?<\/h5><h5>Einer der wichtigsten Vorteile ist sicherlich das Spielen und \u00dcben mit Gleichgesinnten. Hier werden immer viele Erfahrungen \u00fcber Technik und Material ausgetauscht. Aber noch viel wichtiger ist es, Bowling in seiner Komplexit\u00e4t richtig zu erlernen. Hier helfen Trainer weiter. In regelm\u00e4\u00dfigen Abst\u00e4nden finden Trainingsabende f\u00fcr Neueinsteiger, Hobbyspieler und auch Fortgeschrittene statt. Diese Trainings werden nach aktuellster Methodik und ggfs. mit moderner Technik (z.B. Kameratraining) durchgef\u00fchrt. Neben den Techniken (Aufstellung, Anlauf, Pendel, Ballabgabe usw.) werden auch Grundregeln des Bowlings vermittelt. Schon nach 2-3 Trainings werden sich die ersten Erfolge einstellen! Erfolge lassen sich unterschiedlich definieren. F\u00fcr den einen ist es wichtig, sich stetig zu verbessern, f\u00fcr den anderen ist es wichtig auch im sportlichen Vergleich Erfolge zu verbuchen. So nehmen wir z.B. an offiziellen Wettbewerben teil, veranstalten aber auch vereinsintern Turniere f\u00fcr unsere Mitglieder. Die Teilnahme ist aber freigestellt.<\/h5><h1 style=\"text-align: center;\"><span style=\"color: #000000;\"><strong>Besonderheiten des Bowlingtrainings:<\/strong><\/span><\/h1><h4>Kennen Sie eine Sportart in der Jung und Alt, M\u00e4nnlein und Weiblein gemeinsam trainieren k\u00f6nnen? Und das bei ann\u00e4hernd vergleichbaren Leistungen? Wie viele Sportarten gibt es, bei denen auch die Jugend problemlos in das Training der Erwachsenen integriert werden kann bzw. bei denen man gemeinsame sportliche Veranstaltungen durchf\u00fchren kann?<\/h4><h3 style=\"text-align: center;\"><span style=\"text-decoration: underline;\"><strong>Ein sozialer Aspekt, den Sie kaum woanders finden werden!<\/strong><\/span><\/h3>\t\t\t\t\t\t<\/div>\n\t\t\t\t<\/div>\n\t\t\t\t\t<\/div>\n\t\t<\/div>\n\t\t\t\t\t<\/div>\n\t\t<\/section>\n\t\t\t\t<\/div>\n\t\t","protected":false},"excerpt":{"rendered":"<p>Warum eigentlich Bowling im Verein? Ist Bowling ein Sport? Hier kann man nur mit &#8222;ja&#8220; antworten. Wer schon mal Bowling gespielt hat, wei\u00df um die Anstrengung die dahinter steckt. Ausdauer und Konzentration sind genauso gefragt wie Konstanz und hier und da nat\u00fcrlich auch ein wenig Show. Jeder der schon Bowling gespielt hat, kennt es. Man [&hellip;]<\/p>\n","protected":false},"author":1,"featured_media":0,"parent":0,"menu_order":0,"comment_status":"closed","ping_status":"closed","template":"","meta":{"footnotes":""},"class_list":["post-555","page","type-page","status-publish","hentry"],"_links":{"self":[{"href":"https:\/\/bowlingfreunde-bonn.de\/index.php?rest_route=\/wp\/v2\/pages\/555","targetHints":{"allow":["GET"]}}],"collection":[{"href":"https:\/\/bowlingfreunde-bonn.de\/index.php?rest_route=\/wp\/v2\/pages"}],"about":[{"href":"https:\/\/bowlingfreunde-bonn.de\/index.php?rest_route=\/wp\/v2\/types\/page"}],"author":[{"embeddable":true,"href":"https:\/\/bowlingfreunde-bonn.de\/index.php?rest_route=\/wp\/v2\/users\/1"}],"replies":[{"embeddable":true,"href":"https:\/\/bowlingfreunde-bonn.de\/index.php?rest_route=%2Fwp%2Fv2%2Fcomments&post=555"}],"version-history":[{"count":10,"href":"https:\/\/bowlingfreunde-bonn.de\/index.php?rest_route=\/wp\/v2\/pages\/555\/revisions"}],"predecessor-version":[{"id":621,"href":"https:\/\/bowlingfreunde-bonn.de\/index.php?rest_route=\/wp\/v2\/pages\/555\/revisions\/621"}],"wp:attachment":[{"href":"https:\/\/bowlingfreunde-bonn.de\/index.php?rest_route=%2Fwp%2Fv2%2Fmedia&parent=555"}],"curies":[{"name":"wp","href":"https:\/\/api.w.org\/{rel}","templated":true}]}}