{"id":43,"date":"2020-10-16T19:12:11","date_gmt":"2020-10-16T19:12:11","guid":{"rendered":"https:\/\/bowlingfreunde-bonn.de\/?page_id=43"},"modified":"2025-07-25T13:52:32","modified_gmt":"2025-07-25T13:52:32","slug":"training","status":"publish","type":"page","link":"https:\/\/bowlingfreunde-bonn.de\/?page_id=43","title":{"rendered":"Training"},"content":{"rendered":"\t\t<div data-elementor-type=\"wp-page\" data-elementor-id=\"43\" class=\"elementor elementor-43\">\n\t\t\t\t\t\t<section class=\"elementor-section elementor-top-section elementor-element elementor-element-9b74cff elementor-section-boxed elementor-section-height-default elementor-section-height-default\" data-id=\"9b74cff\" data-element_type=\"section\">\n\t\t\t\t\t\t<div class=\"elementor-container elementor-column-gap-default\">\n\t\t\t\t\t<div class=\"elementor-column elementor-col-100 elementor-top-column elementor-element elementor-element-fb2df0f\" data-id=\"fb2df0f\" data-element_type=\"column\">\n\t\t\t<div class=\"elementor-widget-wrap elementor-element-populated\">\n\t\t\t\t\t\t<div class=\"elementor-element elementor-element-aacea18 elementor-widget elementor-widget-heading\" data-id=\"aacea18\" data-element_type=\"widget\" data-widget_type=\"heading.default\">\n\t\t\t\t<div class=\"elementor-widget-container\">\n\t\t\t<h2 class=\"elementor-heading-title elementor-size-large\">Training<\/h2>\t\t<\/div>\n\t\t\t\t<\/div>\n\t\t\t\t<div class=\"elementor-element elementor-element-dfb4ec3 elementor-widget elementor-widget-text-editor\" data-id=\"dfb4ec3\" data-element_type=\"widget\" data-widget_type=\"text-editor.default\">\n\t\t\t\t<div class=\"elementor-widget-container\">\n\t\t\t\t\t\t\t<h5 style=\"text-align: left;\"><strong>Jeder Interessierte ist gerne zu einem oder mehreren Probetrainings eingeladen. \u00dcblicherweise bieten wir ohne Mitgliedschaft bis zu 4 Wochen Teilnahme an den Trainings an. <br \/><\/strong><\/h5><h5 style=\"text-align: left;\"><strong>Wenn Sie in Bornheim oder Kerpen zum Probetraining kommen m\u00f6chten, erfragen Sie bitte die aktuellen Termine! <br \/><\/strong><\/h5><h3 style=\"text-align: center;\"><strong><span style=\"text-decoration: underline; color: #000000;\">Aktuelle Trainingszeiten:<\/span><\/strong><\/h3><h5>Dienstag ab 20.00 h in <span style=\"color: #0000ff;\"><a href=\"https:\/\/www.pinup-bowling.de\/\"><span style=\"color: #ff0000;\">B<\/span><\/a><span style=\"color: #ff0000;\">ornheim\u00a0 &#8211; Vorher bitte anfragen!<br \/><\/span><\/span><\/h5><h5>Donnerstag ab 19.30 h in <span style=\"color: #0000ff;\"><a style=\"color: #0000ff;\" href=\"http:\/\/bowling-badhonnef.de\/\"><span style=\"color: #ff0000;\">Bad Honnef<\/span><\/a><\/span><\/h5><h3 style=\"text-align: center;\"><span style=\"color: #000000;\"><strong>Bitte beachten: An und vor Feiertagen findet kein Training statt.<\/strong><\/span><\/h3>\t\t\t\t\t\t<\/div>\n\t\t\t\t<\/div>\n\t\t\t\t\t<\/div>\n\t\t<\/div>\n\t\t\t\t\t<\/div>\n\t\t<\/section>\n\t\t\t\t<section class=\"elementor-section elementor-top-section elementor-element elementor-element-37d4888 elementor-section-boxed elementor-section-height-default elementor-section-height-default\" data-id=\"37d4888\" data-element_type=\"section\">\n\t\t\t\t\t\t<div class=\"elementor-container elementor-column-gap-default\">\n\t\t\t\t\t<div class=\"elementor-column elementor-col-100 elementor-top-column elementor-element elementor-element-98e85bd\" data-id=\"98e85bd\" data-element_type=\"column\">\n\t\t\t<div class=\"elementor-widget-wrap elementor-element-populated\">\n\t\t\t\t\t\t<div class=\"elementor-element elementor-element-2125c4b elementor-widget elementor-widget-heading\" data-id=\"2125c4b\" data-element_type=\"widget\" data-widget_type=\"heading.default\">\n\t\t\t\t<div class=\"elementor-widget-container\">\n\t\t\t<h2 class=\"elementor-heading-title elementor-size-large\">Bowlingkurs<\/h2>\t\t<\/div>\n\t\t\t\t<\/div>\n\t\t\t\t<div class=\"elementor-element elementor-element-2d84727 elementor-widget elementor-widget-text-editor\" data-id=\"2d84727\" data-element_type=\"widget\" data-widget_type=\"text-editor.default\">\n\t\t\t\t<div class=\"elementor-widget-container\">\n\t\t\t\t\t\t\t<h5><strong>Wenn Sie ohne Vereinsmitgliedschaft die Grundlagen des Bowlings erlernen m\u00f6chten, bieten sich unsere Bowlingkurse an. Hier werden Ihnen an drei Tagen \u00e1 ca 4 Stunden grundlegende Techniken vermittelt.<\/strong><\/h5><h5><strong>Aktuell ist kein Kurs in Planung. Sie k\u00f6nnen uns aber gerne \u00fcber das Kontaktformular eine Nachricht zukommen lassen. Wir f\u00fchren eine &#8222;Warteliste&#8220; und w\u00fcrden Sie bei einer konkreten Planung informieren.<\/strong><\/h5><h5><strong>Sie haben eine Gruppe Bowlinginteressierte? Ab einer Gruppengr\u00f6sse von ca 10-15 Teilnehmern f\u00fchren wir auch individuelle, auf die Gruppe zugeschnittene Kurse durch. <span style=\"color: #ff0000;\"><a style=\"color: #ff0000;\" href=\"https:\/\/bowlingfreunde-bonn.de\/?page_id=460\" target=\"_blank\" rel=\"noopener\">Kontaktieren<\/a><\/span> Sie uns einfach<\/strong><\/h5>\t\t\t\t\t\t<\/div>\n\t\t\t\t<\/div>\n\t\t\t\t\t<\/div>\n\t\t<\/div>\n\t\t\t\t\t<\/div>\n\t\t<\/section>\n\t\t\t\t<\/div>\n\t\t","protected":false},"excerpt":{"rendered":"<p>Training Jeder Interessierte ist gerne zu einem oder mehreren Probetrainings eingeladen. \u00dcblicherweise bieten wir ohne Mitgliedschaft bis zu 4 Wochen Teilnahme an den Trainings an. Wenn Sie in Bornheim oder Kerpen zum Probetraining kommen m\u00f6chten, erfragen Sie bitte die aktuellen Termine! Aktuelle Trainingszeiten: Dienstag ab 20.00 h in Bornheim\u00a0 &#8211; Vorher bitte anfragen! Donnerstag ab [&hellip;]<\/p>\n","protected":false},"author":1,"featured_media":0,"parent":0,"menu_order":0,"comment_status":"closed","ping_status":"closed","template":"","meta":{"footnotes":""},"class_list":["post-43","page","type-page","status-publish","hentry"],"_links":{"self":[{"href":"https:\/\/bowlingfreunde-bonn.de\/index.php?rest_route=\/wp\/v2\/pages\/43","targetHints":{"allow":["GET"]}}],"collection":[{"href":"https:\/\/bowlingfreunde-bonn.de\/index.php?rest_route=\/wp\/v2\/pages"}],"about":[{"href":"https:\/\/bowlingfreunde-bonn.de\/index.php?rest_route=\/wp\/v2\/types\/page"}],"author":[{"embeddable":true,"href":"https:\/\/bowlingfreunde-bonn.de\/index.php?rest_route=\/wp\/v2\/users\/1"}],"replies":[{"embeddable":true,"href":"https:\/\/bowlingfreunde-bonn.de\/index.php?rest_route=%2Fwp%2Fv2%2Fcomments&post=43"}],"version-history":[{"count":65,"href":"https:\/\/bowlingfreunde-bonn.de\/index.php?rest_route=\/wp\/v2\/pages\/43\/revisions"}],"predecessor-version":[{"id":1281,"href":"https:\/\/bowlingfreunde-bonn.de\/index.php?rest_route=\/wp\/v2\/pages\/43\/revisions\/1281"}],"wp:attachment":[{"href":"https:\/\/bowlingfreunde-bonn.de\/index.php?rest_route=%2Fwp%2Fv2%2Fmedia&parent=43"}],"curies":[{"name":"wp","href":"https:\/\/api.w.org\/{rel}","templated":true}]}}