{"id":292,"date":"2020-10-19T12:06:39","date_gmt":"2020-10-19T12:06:39","guid":{"rendered":"https:\/\/bowlingfreunde-bonn.de\/?page_id=292"},"modified":"2024-08-15T11:33:18","modified_gmt":"2024-08-15T11:33:18","slug":"kontakt","status":"publish","type":"page","link":"https:\/\/bowlingfreunde-bonn.de\/?page_id=292","title":{"rendered":"Kontakt"},"content":{"rendered":"\t\t<div data-elementor-type=\"wp-page\" data-elementor-id=\"292\" class=\"elementor elementor-292\">\n\t\t\t\t\t\t<section class=\"elementor-section elementor-top-section elementor-element elementor-element-2523c07 elementor-section-boxed elementor-section-height-default elementor-section-height-default\" data-id=\"2523c07\" data-element_type=\"section\">\n\t\t\t\t\t\t<div class=\"elementor-container elementor-column-gap-default\">\n\t\t\t\t\t<div class=\"elementor-column elementor-col-100 elementor-top-column elementor-element elementor-element-c292a6f\" data-id=\"c292a6f\" data-element_type=\"column\">\n\t\t\t<div class=\"elementor-widget-wrap elementor-element-populated\">\n\t\t\t\t\t\t<div class=\"elementor-element elementor-element-07acf5c elementor-widget elementor-widget-heading\" data-id=\"07acf5c\" data-element_type=\"widget\" data-widget_type=\"heading.default\">\n\t\t\t\t<div class=\"elementor-widget-container\">\n\t\t\t<h2 class=\"elementor-heading-title elementor-size-large\">Kontaktm\u00f6glichkeiten<\/h2>\t\t<\/div>\n\t\t\t\t<\/div>\n\t\t\t\t<div class=\"elementor-element elementor-element-f8c20b9 elementor-widget elementor-widget-text-editor\" data-id=\"f8c20b9\" data-element_type=\"widget\" data-widget_type=\"text-editor.default\">\n\t\t\t\t<div class=\"elementor-widget-container\">\n\t\t\t\t\t\t\t<h4>Nichts geht \u00fcber pers\u00f6nlichen Kontakt. Schauen Sie unter &#8222;<span style=\"color: #ff0000;\"><a style=\"color: #ff0000;\" href=\"https:\/\/bowlingfreunde-bonn.de\/?page_id=241\">Termine<\/a><\/span>&#8220; und sehen sie, wann sie uns im jeweiligen Center erreichen.<\/h4><h4>Telefon: <span style=\"color: #ff0000;\">0177\/8769050<\/span> (1. Vorsitzender Torben Latz)<\/h4><h4>Mailadresse: <a href=\"mailto:vorstand@bowlingfreunde-bonn.de\"><span style=\"color: #ff0000;\">vorstand@bowlingfreunde-bonn.de<\/span><\/a><\/h4><h4>Postanschrift: Bowlingfreunde Bonn e.V. &#8211; K. Werthmann &#8211; Im Feldp\u00fctz 9 &#8211; 53123 Bonn<\/h4>\t\t\t\t\t\t<\/div>\n\t\t\t\t<\/div>\n\t\t\t\t\t<\/div>\n\t\t<\/div>\n\t\t\t\t\t<\/div>\n\t\t<\/section>\n\t\t\t\t<\/div>\n\t\t","protected":false},"excerpt":{"rendered":"<p>Kontaktm\u00f6glichkeiten Nichts geht \u00fcber pers\u00f6nlichen Kontakt. Schauen Sie unter &#8222;Termine&#8220; und sehen sie, wann sie uns im jeweiligen Center erreichen. Telefon: 0177\/8769050 (1. Vorsitzender Torben Latz) Mailadresse: vorstand@bowlingfreunde-bonn.de Postanschrift: Bowlingfreunde Bonn e.V. &#8211; K. Werthmann &#8211; Im Feldp\u00fctz 9 &#8211; 53123 Bonn<\/p>\n","protected":false},"author":1,"featured_media":0,"parent":0,"menu_order":0,"comment_status":"closed","ping_status":"closed","template":"","meta":{"footnotes":""},"class_list":["post-292","page","type-page","status-publish","hentry"],"_links":{"self":[{"href":"https:\/\/bowlingfreunde-bonn.de\/index.php?rest_route=\/wp\/v2\/pages\/292","targetHints":{"allow":["GET"]}}],"collection":[{"href":"https:\/\/bowlingfreunde-bonn.de\/index.php?rest_route=\/wp\/v2\/pages"}],"about":[{"href":"https:\/\/bowlingfreunde-bonn.de\/index.php?rest_route=\/wp\/v2\/types\/page"}],"author":[{"embeddable":true,"href":"https:\/\/bowlingfreunde-bonn.de\/index.php?rest_route=\/wp\/v2\/users\/1"}],"replies":[{"embeddable":true,"href":"https:\/\/bowlingfreunde-bonn.de\/index.php?rest_route=%2Fwp%2Fv2%2Fcomments&post=292"}],"version-history":[{"count":22,"href":"https:\/\/bowlingfreunde-bonn.de\/index.php?rest_route=\/wp\/v2\/pages\/292\/revisions"}],"predecessor-version":[{"id":1117,"href":"https:\/\/bowlingfreunde-bonn.de\/index.php?rest_route=\/wp\/v2\/pages\/292\/revisions\/1117"}],"wp:attachment":[{"href":"https:\/\/bowlingfreunde-bonn.de\/index.php?rest_route=%2Fwp%2Fv2%2Fmedia&parent=292"}],"curies":[{"name":"wp","href":"https:\/\/api.w.org\/{rel}","templated":true}]}}