{"id":20,"date":"2020-10-16T18:42:59","date_gmt":"2020-10-16T18:42:59","guid":{"rendered":"https:\/\/bowlingfreunde-bonn.de\/?page_id=20"},"modified":"2026-04-15T18:29:21","modified_gmt":"2026-04-15T18:29:21","slug":"home","status":"publish","type":"page","link":"https:\/\/bowlingfreunde-bonn.de\/","title":{"rendered":"Startseite"},"content":{"rendered":"\t\t<div data-elementor-type=\"wp-page\" data-elementor-id=\"20\" class=\"elementor elementor-20\">\n\t\t\t\t\t\t<section class=\"elementor-section elementor-top-section elementor-element elementor-element-56367b3 elementor-section-boxed elementor-section-height-default elementor-section-height-default\" data-id=\"56367b3\" data-element_type=\"section\">\n\t\t\t\t\t\t<div class=\"elementor-container elementor-column-gap-default\">\n\t\t\t\t\t<div class=\"elementor-column elementor-col-100 elementor-top-column elementor-element elementor-element-68346b7\" data-id=\"68346b7\" data-element_type=\"column\">\n\t\t\t<div class=\"elementor-widget-wrap elementor-element-populated\">\n\t\t\t\t\t\t<div class=\"elementor-element elementor-element-cb3a75d elementor-widget elementor-widget-heading\" data-id=\"cb3a75d\" data-element_type=\"widget\" data-widget_type=\"heading.default\">\n\t\t\t\t<div class=\"elementor-widget-container\">\n\t\t\t<h2 class=\"elementor-heading-title elementor-size-default\">Aktuelle Trainingszeiten:<\/h2>\t\t<\/div>\n\t\t\t\t<\/div>\n\t\t\t\t<div class=\"elementor-element elementor-element-448e455 elementor-widget elementor-widget-text-editor\" data-id=\"448e455\" data-element_type=\"widget\" data-widget_type=\"text-editor.default\">\n\t\t\t\t<div class=\"elementor-widget-container\">\n\t\t\t\t\t\t\t<p>Wir freuen uns immer \u00fcber neue Gesichter beim Bowlingtraining. Unsere Trainer und Trainerinnen sind aktuell zu folgenden Zeiten auf der Bahn:<\/p>\n<h5><strong>Donnerstag ab 19.00 h in <span style=\"text-decoration: underline;\"><a href=\"http:\/\/bowling-badhonnef.de\/\">Bad Honnef<\/a><\/span><\/strong><\/h5>\n<p><strong>Dienstag ab 19.00 h in <\/strong><a href=\"https:\/\/www.pinup-bowling.de\/\"><span style=\"text-decoration: underline;\"><strong>Bornheim<\/strong><\/span><\/a><\/p>\n<p>Ihr k\u00f6nnt Euch gerne auch per Mail bei <a href=\"mailto:vorstand@bowlingfreunde-bonn.de\">vorstand@bowlingfreunde-bonn.de<\/a> anmelden, oder sprecht uns einfach auf der Bahn an.<\/p>\t\t\t\t\t\t<\/div>\n\t\t\t\t<\/div>\n\t\t\t\t<div class=\"elementor-element elementor-element-b461652 elementor-widget elementor-widget-heading\" data-id=\"b461652\" data-element_type=\"widget\" data-widget_type=\"heading.default\">\n\t\t\t\t<div class=\"elementor-widget-container\">\n\t\t\t<h2 class=\"elementor-heading-title elementor-size-default\">Vereinsnews:<\/h2>\t\t<\/div>\n\t\t\t\t<\/div>\n\t\t\t\t<div class=\"elementor-element elementor-element-48f87ea elementor-grid-eael-col-1 elementor-grid-tablet-eael-col-2 elementor-grid-mobile-eael-col-1 elementor-widget elementor-widget-eael-post-grid\" data-id=\"48f87ea\" data-element_type=\"widget\" data-settings=\"{&quot;eael_post_grid_columns&quot;:&quot;eael-col-1&quot;,&quot;eael_post_grid_columns_tablet&quot;:&quot;eael-col-2&quot;,&quot;eael_post_grid_columns_mobile&quot;:&quot;eael-col-1&quot;}\" data-widget_type=\"eael-post-grid.default\">\n\t\t\t\t<div class=\"elementor-widget-container\">\n\t\t\t<div id=\"eael-post-grid-48f87ea\" class=\"eael-post-grid-container\">\n            <div class=\"eael-post-grid eael-post-appender eael-post-appender-48f87ea eael-post-grid-style-two\" data-layout-mode=\"grid\"><article class=\"eael-grid-post eael-post-grid-column\" data-id=\"1488\">\n        <div class=\"eael-grid-post-holder\">\n            <div class=\"eael-grid-post-holder-inner\"><div class=\"eael-entry-wrapper\"><header class=\"eael-entry-header\"><h2 class=\"eael-entry-title\"><a\n                                    class=\"eael-grid-post-link\"\n                                    href=\"https:\/\/bowlingfreunde-bonn.de\/?p=1488\"\n                                    title=\"7. Ligaspieltag f\u00fcr 1. Mannschaft super gelaufen\">7. Ligaspieltag f\u00fcr 1. Mannschaft super gelaufen<\/a><\/h2><\/header><div class=\"eael-entry-content\">\n                                    <div class=\"eael-grid-post-excerpt\"><p>Nachdem sich die 1. Mannschaft an den letzten Spieltagen langsam an den Tabellenf\u00fchrer herangearbeitet hat, konnte sie am vergangenen Sonntag, mit einem perfekten Spieltag, die Tabellenf\u00fchrung \u00fcbernehmen. Die vollen 10 Punkte aus den Spielen und dazu das h\u00f6chste Mannschaftsergebniss der Ligagruppe an diesem Tag und somit die vollen Bonuspunkte, machten aus 3 Punkten R\u00fcckstand einen [&hellip;]<\/p><a\n                                        href=\"https:\/\/bowlingfreunde-bonn.de\/?p=1488\"\n                                        class=\"eael-post-elements-readmore-btn\">Weiterlesen<\/a><\/div>\n                                <\/div><div class=\"eael-entry-header-after style-two\"><div class=\"eael-entry-meta\"><span class=\"eael-meta-posted-on\"><i class=\"far fa-clock\"><\/i><time datetime=\"M\u00e4rz 27, 2026\">M\u00e4rz 27, 2026<\/time><\/span><\/div><\/div><\/div><\/div>\n        <\/div>\n    <\/article><article class=\"eael-grid-post eael-post-grid-column\" data-id=\"1471\">\n        <div class=\"eael-grid-post-holder\">\n            <div class=\"eael-grid-post-holder-inner\"><div class=\"eael-entry-wrapper\"><header class=\"eael-entry-header\"><h2 class=\"eael-entry-title\"><a\n                                    class=\"eael-grid-post-link\"\n                                    href=\"https:\/\/bowlingfreunde-bonn.de\/?p=1471\"\n                                    title=\"Zweite H\u00e4lfte der Ligasaison 2025\/26 l\u00e4uft\">Zweite H\u00e4lfte der Ligasaison 2025\/26 l\u00e4uft<\/a><\/h2><\/header><div class=\"eael-entry-content\">\n                                    <div class=\"eael-grid-post-excerpt\"><p>Seit dem 01.02.2026 l\u00e4uft die zweite H\u00e4lfte der Ligasaison 2025\/26. Nach einem durchwachsenen Start der Mannschaften 1 und 3 am 5. Starttag, lief es am 6. Ligastart wieder deutlich besser und alle Mannschaften sind auf Kurs, ihr Ziel zu erreichen. Lag die 1. Mannschaft vor der Winterpause noch 5 Punkte hinter dem ersten Platz, sind [&hellip;]<\/p><a\n                                        href=\"https:\/\/bowlingfreunde-bonn.de\/?p=1471\"\n                                        class=\"eael-post-elements-readmore-btn\">Weiterlesen<\/a><\/div>\n                                <\/div><div class=\"eael-entry-header-after style-two\"><div class=\"eael-entry-meta\"><span class=\"eael-meta-posted-on\"><i class=\"far fa-clock\"><\/i><time datetime=\"M\u00e4rz 12, 2026\">M\u00e4rz 12, 2026<\/time><\/span><\/div><\/div><\/div><\/div>\n        <\/div>\n    <\/article><article class=\"eael-grid-post eael-post-grid-column\" data-id=\"1421\">\n        <div class=\"eael-grid-post-holder\">\n            <div class=\"eael-grid-post-holder-inner\"><div class=\"eael-entry-wrapper\"><header class=\"eael-entry-header\"><h2 class=\"eael-entry-title\"><a\n                                    class=\"eael-grid-post-link\"\n                                    href=\"https:\/\/bowlingfreunde-bonn.de\/?p=1421\"\n                                    title=\"Liga verabschiedet sich in Winterpause!\">Liga verabschiedet sich in Winterpause!<\/a><\/h2><\/header><div class=\"eael-entry-content\">\n                                    <div class=\"eael-grid-post-excerpt\"><p>Am letzten Starttag vor der Winterpause haben unsere Mannschaften nochmal alles gegeben und gute Ergebnisse erzielt. Unsere 1. Mannschaft \u201e\u00fcberwintert\u201c nach 4 Spieltagen in der Verbandsliga 4 auf Platz 2 nach einer tollen Aufholjagd. 5 Punkte R\u00fcckstand auf Platz 1 sind in der 2. H\u00e4lfte der Saison durchaus aufholbar. Jedoch sollte man den Blick nach [&hellip;]<\/p><a\n                                        href=\"https:\/\/bowlingfreunde-bonn.de\/?p=1421\"\n                                        class=\"eael-post-elements-readmore-btn\">Weiterlesen<\/a><\/div>\n                                <\/div><div class=\"eael-entry-header-after style-two\"><div class=\"eael-entry-meta\"><span class=\"eael-meta-posted-on\"><i class=\"far fa-clock\"><\/i><time datetime=\"November 1, 2025\">November 1, 2025<\/time><\/span><\/div><\/div><\/div><\/div>\n        <\/div>\n    <\/article><\/div>\n            <div class=\"clearfix\"><\/div>\n        <\/div>            <div class=\"eael-load-more-button-wrap eael-force-hide\">\n                <button class=\"eael-load-more-button\" id=\"eael-load-more-btn-48f87ea\" data-widget-id=\"48f87ea\" data-widget=\"48f87ea\" data-page-id=\"20\" data-template=\"{&quot;dir&quot;:&quot;lite&quot;,&quot;file_name&quot;:&quot;default.php&quot;,&quot;name&quot;:&quot;Post-Grid&quot;}\" data-class=\"Essential_Addons_Elementor\\Elements\\Post_Grid\" data-layout=\"grid\" data-page=\"1\" data-args=\"orderby=date&amp;order=desc&amp;ignore_sticky_posts=1&amp;post_status=publish&amp;posts_per_page=3&amp;offset=0&amp;post_type=post&amp;tax_query%5B0%5D%5Btaxonomy%5D=category&amp;tax_query%5B0%5D%5Bfield%5D=term_id&amp;tax_query%5B0%5D%5Bterms%5D%5B0%5D=4&amp;tax_query%5B0%5D%5Bterms%5D%5B1%5D=5&amp;tax_query%5B0%5D%5Bterms%5D%5B2%5D=7&amp;tax_query%5Brelation%5D=AND\" data-max-page=\"7\">\n                    <span class=\"eael-btn-loader button__loader\"><\/span>\n                    <span class=\"eael_load_more_text\">Load More<\/span>\n                <\/button>\n            <\/div>\n            \t\t<\/div>\n\t\t\t\t<\/div>\n\t\t\t\t\t<\/div>\n\t\t<\/div>\n\t\t\t\t\t<\/div>\n\t\t<\/section>\n\t\t\t\t<\/div>\n\t\t","protected":false},"excerpt":{"rendered":"<p>Aktuelle Trainingszeiten: Wir freuen uns immer \u00fcber neue Gesichter beim Bowlingtraining. Unsere Trainer und Trainerinnen sind aktuell zu folgenden Zeiten auf der Bahn: Donnerstag ab 19.00 h in Bad Honnef Dienstag ab 19.00 h in Bornheim Ihr k\u00f6nnt Euch gerne auch per Mail bei vorstand@bowlingfreunde-bonn.de anmelden, oder sprecht uns einfach auf der Bahn an. Vereinsnews: [&hellip;]<\/p>\n","protected":false},"author":1,"featured_media":0,"parent":0,"menu_order":0,"comment_status":"closed","ping_status":"closed","template":"","meta":{"footnotes":""},"class_list":["post-20","page","type-page","status-publish","hentry"],"_links":{"self":[{"href":"https:\/\/bowlingfreunde-bonn.de\/index.php?rest_route=\/wp\/v2\/pages\/20","targetHints":{"allow":["GET"]}}],"collection":[{"href":"https:\/\/bowlingfreunde-bonn.de\/index.php?rest_route=\/wp\/v2\/pages"}],"about":[{"href":"https:\/\/bowlingfreunde-bonn.de\/index.php?rest_route=\/wp\/v2\/types\/page"}],"author":[{"embeddable":true,"href":"https:\/\/bowlingfreunde-bonn.de\/index.php?rest_route=\/wp\/v2\/users\/1"}],"replies":[{"embeddable":true,"href":"https:\/\/bowlingfreunde-bonn.de\/index.php?rest_route=%2Fwp%2Fv2%2Fcomments&post=20"}],"version-history":[{"count":260,"href":"https:\/\/bowlingfreunde-bonn.de\/index.php?rest_route=\/wp\/v2\/pages\/20\/revisions"}],"predecessor-version":[{"id":1504,"href":"https:\/\/bowlingfreunde-bonn.de\/index.php?rest_route=\/wp\/v2\/pages\/20\/revisions\/1504"}],"wp:attachment":[{"href":"https:\/\/bowlingfreunde-bonn.de\/index.php?rest_route=%2Fwp%2Fv2%2Fmedia&parent=20"}],"curies":[{"name":"wp","href":"https:\/\/api.w.org\/{rel}","templated":true}]}}